{"id":4254,"date":"2023-08-09T18:14:59","date_gmt":"2023-08-09T22:14:59","guid":{"rendered":"https:\/\/www.societegalion.com\/buildings-for-rent\/"},"modified":"2025-05-01T16:29:48","modified_gmt":"2025-05-01T20:29:48","slug":"buildings-for-rent","status":"publish","type":"page","link":"https:\/\/www.societegalion.com\/en\/buildings-for-rent\/","title":{"rendered":"Our Properties"},"content":{"rendered":"<p>[et_pb_section fb_built=&#8221;1&#8243; _builder_version=&#8221;4.16&#8243; background_color=&#8221;#0C71C3&#8243; use_background_color_gradient=&#8221;on&#8221; background_color_gradient_direction=&#8221;163deg&#8221; background_color_gradient_stops=&#8221;rgba(69,137,193,0.33) 100%|rgba(104,144,193,0.66) 100%&#8221; background_color_gradient_overlays_image=&#8221;on&#8221; background_color_gradient_start=&#8221;rgba(69,137,193,0.33)&#8221; background_color_gradient_start_position=&#8221;100%&#8221; background_color_gradient_end=&#8221;rgba(104,144,193,0.66)&#8221; background_color_gradient_end_position=&#8221;60%&#8221; background_image=&#8221;https:\/\/www.societegalion.com\/wp-content\/uploads\/2021\/06\/societe_galion_immobilier_montreal_canada.jpg&#8221; background_position=&#8221;center_left&#8221; position_origin_r=&#8221;top_right&#8221; custom_margin=&#8221;||||false|false&#8221; custom_padding=&#8221;||50px||false|false&#8221; border_color_top=&#8221;RGBA(0,0,0,0)&#8221; global_colors_info=&#8221;{}&#8221;][\/et_pb_section][et_pb_section fb_built=&#8221;1&#8243; _builder_version=&#8221;4.21.2&#8243; _module_preset=&#8221;default&#8221; custom_margin=&#8221;0px||0px||false|false&#8221; custom_padding=&#8221;0px||0px||false|false&#8221; bottom_divider_color=&#8221;rgba(0,44,89,0.39)&#8221; bottom_divider_height=&#8221;382px&#8221; global_colors_info=&#8221;{}&#8221;][et_pb_row _builder_version=&#8221;4.21.2&#8243; _module_preset=&#8221;default&#8221; width=&#8221;90%&#8221; max_width=&#8221;2560px&#8221; custom_margin=&#8221;||||false|false&#8221; global_colors_info=&#8221;{}&#8221;][et_pb_column type=&#8221;4_4&#8243; _builder_version=&#8221;4.16&#8243; _module_preset=&#8221;default&#8221; global_colors_info=&#8221;{}&#8221;][et_pb_text _builder_version=&#8221;4.21.2&#8243; _dynamic_attributes=&#8221;content&#8221; _module_preset=&#8221;default&#8221; text_font=&#8221;Raleway|700|||||||&#8221; text_text_color=&#8221;#000000&#8243; text_font_size=&#8221;25px&#8221; header_font=&#8221;Raleway|700||on|||||&#8221; header_text_align=&#8221;center&#8221; header_font_size=&#8221;25px&#8221; background_color=&#8221;#FFFFFF&#8221; module_alignment=&#8221;center&#8221; custom_padding=&#8221;20px||10px||false|false&#8221; border_radii=&#8221;on|5px|5px|5px|5px&#8221; box_shadow_style=&#8221;preset2&#8243; box_shadow_horizontal=&#8221;15px&#8221; box_shadow_vertical=&#8221;15px&#8221; box_shadow_color=&#8221;rgba(0,44,81,0.5)&#8221; global_colors_info=&#8221;{}&#8221;]@ET-DC@eyJkeW5hbWljIjp0cnVlLCJjb250ZW50IjoicG9zdF90aXRsZSIsInNldHRpbmdzIjp7ImJlZm9yZSI6IjxoMT4iLCJhZnRlciI6IjwvaDE+In19@[\/et_pb_text][\/et_pb_column][\/et_pb_row][\/et_pb_section][et_pb_section fb_built=&#8221;1&#8243; _builder_version=&#8221;4.21.2&#8243; _module_preset=&#8221;default&#8221; custom_margin=&#8221;0px||||false|false&#8221; custom_padding=&#8221;0px||||false|false&#8221; global_colors_info=&#8221;{}&#8221;][et_pb_row column_structure=&#8221;1_4,3_4&#8243; use_custom_gutter=&#8221;on&#8221; gutter_width=&#8221;2&#8243; _builder_version=&#8221;4.21.2&#8243; _module_preset=&#8221;default&#8221; width=&#8221;90%&#8221; max_width=&#8221;2560px&#8221; global_colors_info=&#8221;{}&#8221;][et_pb_column type=&#8221;1_4&#8243; _builder_version=&#8221;4.21.2&#8243; _module_preset=&#8221;default&#8221; global_colors_info=&#8221;{}&#8221;][et_pb_de_mach_filter_posts filter_update_type=&#8221;update_field&#8221; hide_reset=&#8221;on&#8221; _builder_version=&#8221;4.27.4&#8243; _module_preset=&#8221;default&#8221; hover_enabled=&#8221;0&#8243; global_colors_info=&#8221;{}&#8221; sticky_enabled=&#8221;0&#8243;][et_pb_de_mach_search_posts_item filter_post_type=&#8221;taxonomy&#8221; custom_tax_choose=&#8221;secteur&#8221; post_type_choose=&#8221;industriels&#8221; acf_filter_type=&#8221;radio&#8221; filter_params=&#8221;yes_title&#8221; custom_label=&#8221;Recherche par secteur&#8221; field_id=&#8221;Field_1_2&#8243; swatch_style=&#8221;square&#8221; _builder_version=&#8221;4.21.2&#8243; _module_preset=&#8221;default&#8221; title_text_font=&#8221;|700|||||||&#8221; title_text_text_color=&#8221;#E02B20&#8243; title_text_font_size=&#8221;22px&#8221; global_colors_info=&#8221;{}&#8221;][\/et_pb_de_mach_search_posts_item][\/et_pb_de_mach_filter_posts][\/et_pb_column][et_pb_column type=&#8221;3_4&#8243; _builder_version=&#8221;4.21.2&#8243; _module_preset=&#8221;default&#8221; global_colors_info=&#8221;{}&#8221;][et_pb_de_mach_archive_loop post_type_choose=&#8221;industriels,comerciales,bureaux,stations-services&#8221; loop_layout=&#8221;4279&#8243; include_current_terms=&#8221;on&#8221; posts_number=&#8221;1000000000&#8243; link_whole_gird=&#8221;on&#8221; equal_height=&#8221;on&#8221; align_last_bottom=&#8221;on&#8221; columns=&#8221;3&#8243; custom_gutter_width=&#8221;on&#8221; gutter_row_gap=&#8221;15px&#8221; gutter_row_column=&#8221;15px&#8221; loop_template_post_content_margin_padding=&#8221;||||false|false&#8221; module_class=&#8221;noPad&#8221; _builder_version=&#8221;4.21.2&#8243; _module_preset=&#8221;default&#8221; custom_margin=&#8221;0px||20px||false|false&#8221; custom_padding=&#8221;0px||20px||false|false&#8221; border_radii=&#8221;on|10px|10px|10px|10px&#8221; border_radii_grid_list_view_button=&#8221;on|10px|10px|10px|10px&#8221; global_colors_info=&#8221;{}&#8221;][\/et_pb_de_mach_archive_loop][\/et_pb_column][\/et_pb_row][\/et_pb_section]<\/p>\n","protected":false},"excerpt":{"rendered":"","protected":false},"author":4,"featured_media":0,"parent":0,"menu_order":0,"comment_status":"closed","ping_status":"closed","template":"","meta":{"_acf_changed":false,"_et_pb_use_builder":"on","_et_pb_old_content":"","_et_gb_content_width":"","footnotes":""},"class_list":["post-4254","page","type-page","status-publish","hentry"],"acf":[],"yoast_head":"<!-- This site is optimized with the Yoast SEO plugin v26.9 - https:\/\/yoast.com\/product\/yoast-seo-wordpress\/ -->\n<title>Our Properties - Soci\u00e9t\u00e9 Galion<\/title>\n<meta name=\"robots\" content=\"index, follow, max-snippet:-1, max-image-preview:large, max-video-preview:-1\" \/>\n<link rel=\"canonical\" href=\"https:\/\/www.societegalion.com\/en\/buildings-for-rent\/\" \/>\n<meta property=\"og:locale\" content=\"en_US\" \/>\n<meta property=\"og:type\" content=\"article\" \/>\n<meta property=\"og:title\" content=\"Our Properties - Soci\u00e9t\u00e9 Galion\" \/>\n<meta property=\"og:site_name\" content=\"Soci\u00e9t\u00e9 Galion\" \/>\n<meta property=\"article:modified_time\" content=\"2025-05-01T20:29:48+00:00\" \/>\n<meta name=\"twitter:card\" content=\"summary_large_image\" \/>\n<meta name=\"twitter:label1\" content=\"Est. reading time\" \/>\n\t<meta name=\"twitter:data1\" content=\"19 minutes\" \/>\n<script type=\"application\/ld+json\" class=\"yoast-schema-graph\">{\"@context\":\"https:\/\/schema.org\",\"@graph\":[{\"@type\":\"WebPage\",\"@id\":\"https:\/\/www.societegalion.com\/en\/buildings-for-rent\/\",\"url\":\"https:\/\/www.societegalion.com\/en\/buildings-for-rent\/\",\"name\":\"Our Properties - Soci\u00e9t\u00e9 Galion\",\"isPartOf\":{\"@id\":\"https:\/\/www.societegalion.com\/en\/#website\"},\"datePublished\":\"2023-08-09T22:14:59+00:00\",\"dateModified\":\"2025-05-01T20:29:48+00:00\",\"breadcrumb\":{\"@id\":\"https:\/\/www.societegalion.com\/en\/buildings-for-rent\/#breadcrumb\"},\"inLanguage\":\"en-US\",\"potentialAction\":[{\"@type\":\"ReadAction\",\"target\":[\"https:\/\/www.societegalion.com\/en\/buildings-for-rent\/\"]}]},{\"@type\":\"BreadcrumbList\",\"@id\":\"https:\/\/www.societegalion.com\/en\/buildings-for-rent\/#breadcrumb\",\"itemListElement\":[{\"@type\":\"ListItem\",\"position\":1,\"name\":\"Accueil\",\"item\":\"https:\/\/www.societegalion.com\/en\/\"},{\"@type\":\"ListItem\",\"position\":2,\"name\":\"Our Properties\"}]},{\"@type\":\"WebSite\",\"@id\":\"https:\/\/www.societegalion.com\/en\/#website\",\"url\":\"https:\/\/www.societegalion.com\/en\/\",\"name\":\"Soci\u00e9t\u00e9 Galion\",\"description\":\"\",\"publisher\":{\"@id\":\"https:\/\/www.societegalion.com\/en\/#organization\"},\"potentialAction\":[{\"@type\":\"SearchAction\",\"target\":{\"@type\":\"EntryPoint\",\"urlTemplate\":\"https:\/\/www.societegalion.com\/en\/?s={search_term_string}\"},\"query-input\":{\"@type\":\"PropertyValueSpecification\",\"valueRequired\":true,\"valueName\":\"search_term_string\"}}],\"inLanguage\":\"en-US\"},{\"@type\":\"Organization\",\"@id\":\"https:\/\/www.societegalion.com\/en\/#organization\",\"name\":\"Soci\u00e9t\u00e9 Galion\",\"url\":\"https:\/\/www.societegalion.com\/en\/\",\"logo\":{\"@type\":\"ImageObject\",\"inLanguage\":\"en-US\",\"@id\":\"https:\/\/www.societegalion.com\/en\/#\/schema\/logo\/image\/\",\"url\":\"https:\/\/www.societegalion.com\/wp-content\/uploads\/2021\/06\/Logo-Galion-societe-immobiliere-rouge.jpg\",\"contentUrl\":\"https:\/\/www.societegalion.com\/wp-content\/uploads\/2021\/06\/Logo-Galion-societe-immobiliere-rouge.jpg\",\"width\":400,\"height\":78,\"caption\":\"Soci\u00e9t\u00e9 Galion\"},\"image\":{\"@id\":\"https:\/\/www.societegalion.com\/en\/#\/schema\/logo\/image\/\"}}]}<\/script>\n<!-- \/ Yoast SEO plugin. -->","yoast_head_json":{"title":"Our Properties - Soci\u00e9t\u00e9 Galion","robots":{"index":"index","follow":"follow","max-snippet":"max-snippet:-1","max-image-preview":"max-image-preview:large","max-video-preview":"max-video-preview:-1"},"canonical":"https:\/\/www.societegalion.com\/en\/buildings-for-rent\/","og_locale":"en_US","og_type":"article","og_title":"Our Properties - Soci\u00e9t\u00e9 Galion","og_site_name":"Soci\u00e9t\u00e9 Galion","article_modified_time":"2025-05-01T20:29:48+00:00","twitter_card":"summary_large_image","twitter_misc":{"Est. reading time":"19 minutes"},"schema":{"@context":"https:\/\/schema.org","@graph":[{"@type":"WebPage","@id":"https:\/\/www.societegalion.com\/en\/buildings-for-rent\/","url":"https:\/\/www.societegalion.com\/en\/buildings-for-rent\/","name":"Our Properties - Soci\u00e9t\u00e9 Galion","isPartOf":{"@id":"https:\/\/www.societegalion.com\/en\/#website"},"datePublished":"2023-08-09T22:14:59+00:00","dateModified":"2025-05-01T20:29:48+00:00","breadcrumb":{"@id":"https:\/\/www.societegalion.com\/en\/buildings-for-rent\/#breadcrumb"},"inLanguage":"en-US","potentialAction":[{"@type":"ReadAction","target":["https:\/\/www.societegalion.com\/en\/buildings-for-rent\/"]}]},{"@type":"BreadcrumbList","@id":"https:\/\/www.societegalion.com\/en\/buildings-for-rent\/#breadcrumb","itemListElement":[{"@type":"ListItem","position":1,"name":"Accueil","item":"https:\/\/www.societegalion.com\/en\/"},{"@type":"ListItem","position":2,"name":"Our Properties"}]},{"@type":"WebSite","@id":"https:\/\/www.societegalion.com\/en\/#website","url":"https:\/\/www.societegalion.com\/en\/","name":"Soci\u00e9t\u00e9 Galion","description":"","publisher":{"@id":"https:\/\/www.societegalion.com\/en\/#organization"},"potentialAction":[{"@type":"SearchAction","target":{"@type":"EntryPoint","urlTemplate":"https:\/\/www.societegalion.com\/en\/?s={search_term_string}"},"query-input":{"@type":"PropertyValueSpecification","valueRequired":true,"valueName":"search_term_string"}}],"inLanguage":"en-US"},{"@type":"Organization","@id":"https:\/\/www.societegalion.com\/en\/#organization","name":"Soci\u00e9t\u00e9 Galion","url":"https:\/\/www.societegalion.com\/en\/","logo":{"@type":"ImageObject","inLanguage":"en-US","@id":"https:\/\/www.societegalion.com\/en\/#\/schema\/logo\/image\/","url":"https:\/\/www.societegalion.com\/wp-content\/uploads\/2021\/06\/Logo-Galion-societe-immobiliere-rouge.jpg","contentUrl":"https:\/\/www.societegalion.com\/wp-content\/uploads\/2021\/06\/Logo-Galion-societe-immobiliere-rouge.jpg","width":400,"height":78,"caption":"Soci\u00e9t\u00e9 Galion"},"image":{"@id":"https:\/\/www.societegalion.com\/en\/#\/schema\/logo\/image\/"}}]}},"_links":{"self":[{"href":"https:\/\/www.societegalion.com\/en\/wp-json\/wp\/v2\/pages\/4254","targetHints":{"allow":["GET"]}}],"collection":[{"href":"https:\/\/www.societegalion.com\/en\/wp-json\/wp\/v2\/pages"}],"about":[{"href":"https:\/\/www.societegalion.com\/en\/wp-json\/wp\/v2\/types\/page"}],"author":[{"embeddable":true,"href":"https:\/\/www.societegalion.com\/en\/wp-json\/wp\/v2\/users\/4"}],"replies":[{"embeddable":true,"href":"https:\/\/www.societegalion.com\/en\/wp-json\/wp\/v2\/comments?post=4254"}],"version-history":[{"count":6,"href":"https:\/\/www.societegalion.com\/en\/wp-json\/wp\/v2\/pages\/4254\/revisions"}],"predecessor-version":[{"id":249860,"href":"https:\/\/www.societegalion.com\/en\/wp-json\/wp\/v2\/pages\/4254\/revisions\/249860"}],"wp:attachment":[{"href":"https:\/\/www.societegalion.com\/en\/wp-json\/wp\/v2\/media?parent=4254"}],"curies":[{"name":"wp","href":"https:\/\/api.w.org\/{rel}","templated":true}]}}