{"id":250872,"date":"2025-04-16T17:19:29","date_gmt":"2025-04-16T21:19:29","guid":{"rendered":"https:\/\/www.societegalion.com\/property-map\/"},"modified":"2025-11-19T10:44:57","modified_gmt":"2025-11-19T15:44:57","slug":"property-map","status":"publish","type":"page","link":"https:\/\/www.societegalion.com\/en\/property-map\/","title":{"rendered":"Property map"},"content":{"rendered":"<p>[et_pb_section fb_built=&#8221;1&#8243; _builder_version=&#8221;4.16&#8243; _module_preset=&#8221;default&#8221; use_background_color_gradient=&#8221;on&#8221; background_color_gradient_direction=&#8221;168deg&#8221; background_color_gradient_stops=&#8221;rgba(16,43,79,0.76) 38%|rgba(255,255,255,0.7) 100%&#8221; background_color_gradient_overlays_image=&#8221;on&#8221; background_color_gradient_start=&#8221;rgba(16,43,79,0.76)&#8221; background_color_gradient_start_position=&#8221;38%&#8221; background_color_gradient_end=&#8221;rgba(255,255,255,0.7)&#8221; background_image=&#8221;https:\/\/www.societegalion.com\/wp-content\/uploads\/2021\/06\/societe_galion_immobilier_montreal_canada.jpg&#8221; custom_padding=&#8221;150px||150px||true|false&#8221; global_colors_info=&#8221;{}&#8221;][et_pb_row _builder_version=&#8221;4.16&#8243; _module_preset=&#8221;default&#8221; custom_margin=&#8221;-250px||||false|false&#8221; global_colors_info=&#8221;{}&#8221;][et_pb_column type=&#8221;4_4&#8243; _builder_version=&#8221;4.16&#8243; _module_preset=&#8221;default&#8221; global_colors_info=&#8221;{}&#8221;][\/et_pb_column][\/et_pb_row][\/et_pb_section][et_pb_section fb_built=&#8221;1&#8243; _builder_version=&#8221;4.16&#8243; _module_preset=&#8221;default&#8221; global_colors_info=&#8221;{}&#8221;][et_pb_row _builder_version=&#8221;4.16&#8243; _module_preset=&#8221;default&#8221; global_colors_info=&#8221;{}&#8221;][et_pb_column type=&#8221;4_4&#8243; _builder_version=&#8221;4.16&#8243; _module_preset=&#8221;default&#8221; global_colors_info=&#8221;{}&#8221;][et_pb_text _builder_version=&#8221;4.27.4&#8243; _module_preset=&#8221;default&#8221; text_font=&#8221;Raleway|800|||||||&#8221; text_text_color=&#8221;#FFFFFF&#8221; text_font_size=&#8221;55px&#8221; header_font=&#8221;Raleway|800|||||||&#8221; header_text_align=&#8221;center&#8221; header_text_color=&#8221;#FFFFFF&#8221; header_font_size=&#8221;55px&#8221; background_color=&#8221;#102d50&#8243; custom_margin=&#8221;-150px||||false|false&#8221; custom_padding=&#8221;30px||30px||true|true&#8221; hover_enabled=&#8221;0&#8243; header_font_size_tablet=&#8221;55px&#8221; header_font_size_phone=&#8221;40px&#8221; header_font_size_last_edited=&#8221;on|phone&#8221; global_colors_info=&#8221;{}&#8221; sticky_enabled=&#8221;0&#8243;]<\/p>\n<h1>PROPERTY MAP<\/h1>\n<p>[\/et_pb_text][\/et_pb_column][\/et_pb_row][\/et_pb_section][et_pb_section fb_built=&#8221;1&#8243; _builder_version=&#8221;4.27.4&#8243; _module_preset=&#8221;default&#8221; global_colors_info=&#8221;{}&#8221;][et_pb_row _builder_version=&#8221;4.27.4&#8243; _module_preset=&#8221;default&#8221; global_colors_info=&#8221;{}&#8221;][et_pb_column type=&#8221;4_4&#8243; _builder_version=&#8221;4.27.4&#8243; _module_preset=&#8221;default&#8221; global_colors_info=&#8221;{}&#8221;][et_pb_code _builder_version=&#8221;4.27.4&#8243; _module_preset=&#8221;default&#8221; global_colors_info=&#8221;{}&#8221;]<iframe loading=\"lazy\" src=\"https:\/\/www.google.com\/maps\/d\/embed?mid=1ooNrpccMLGe1Naftg0Vuf5eJaxrLhP2h&amp;ehbc=2E312F\" width=\"100%\" height=\"800\"><\/iframe> [\/et_pb_code][\/et_pb_column][\/et_pb_row][\/et_pb_section]<\/p>\n","protected":false},"excerpt":{"rendered":"<p>PROPERTY MAP<\/p>\n","protected":false},"author":4,"featured_media":0,"parent":0,"menu_order":0,"comment_status":"closed","ping_status":"closed","template":"","meta":{"_acf_changed":false,"_et_pb_use_builder":"on","_et_pb_old_content":"","_et_gb_content_width":"","footnotes":""},"class_list":["post-250872","page","type-page","status-publish","hentry"],"acf":[],"yoast_head":"<!-- This site is optimized with the Yoast SEO plugin v26.9 - https:\/\/yoast.com\/product\/yoast-seo-wordpress\/ -->\n<title>Property map - Soci\u00e9t\u00e9 Galion<\/title>\n<meta name=\"robots\" content=\"index, follow, max-snippet:-1, max-image-preview:large, max-video-preview:-1\" \/>\n<link rel=\"canonical\" href=\"https:\/\/www.societegalion.com\/en\/property-map\/\" \/>\n<meta property=\"og:locale\" content=\"en_US\" \/>\n<meta property=\"og:type\" content=\"article\" \/>\n<meta property=\"og:title\" content=\"Property map - Soci\u00e9t\u00e9 Galion\" \/>\n<meta property=\"og:description\" content=\"PROPERTY MAP\" \/>\n<meta property=\"og:site_name\" content=\"Soci\u00e9t\u00e9 Galion\" \/>\n<meta property=\"article:modified_time\" content=\"2025-11-19T15:44:57+00:00\" \/>\n<meta name=\"twitter:card\" content=\"summary_large_image\" \/>\n<meta name=\"twitter:label1\" content=\"Est. reading time\" \/>\n\t<meta name=\"twitter:data1\" content=\"1 minute\" \/>\n<script type=\"application\/ld+json\" class=\"yoast-schema-graph\">{\"@context\":\"https:\/\/schema.org\",\"@graph\":[{\"@type\":\"WebPage\",\"@id\":\"https:\/\/www.societegalion.com\/en\/property-map\/\",\"url\":\"https:\/\/www.societegalion.com\/en\/property-map\/\",\"name\":\"Property map - Soci\u00e9t\u00e9 Galion\",\"isPartOf\":{\"@id\":\"https:\/\/www.societegalion.com\/en\/#website\"},\"datePublished\":\"2025-04-16T21:19:29+00:00\",\"dateModified\":\"2025-11-19T15:44:57+00:00\",\"breadcrumb\":{\"@id\":\"https:\/\/www.societegalion.com\/en\/property-map\/#breadcrumb\"},\"inLanguage\":\"en-US\",\"potentialAction\":[{\"@type\":\"ReadAction\",\"target\":[\"https:\/\/www.societegalion.com\/en\/property-map\/\"]}]},{\"@type\":\"BreadcrumbList\",\"@id\":\"https:\/\/www.societegalion.com\/en\/property-map\/#breadcrumb\",\"itemListElement\":[{\"@type\":\"ListItem\",\"position\":1,\"name\":\"Accueil\",\"item\":\"https:\/\/www.societegalion.com\/en\/\"},{\"@type\":\"ListItem\",\"position\":2,\"name\":\"Property map\"}]},{\"@type\":\"WebSite\",\"@id\":\"https:\/\/www.societegalion.com\/en\/#website\",\"url\":\"https:\/\/www.societegalion.com\/en\/\",\"name\":\"Soci\u00e9t\u00e9 Galion\",\"description\":\"\",\"publisher\":{\"@id\":\"https:\/\/www.societegalion.com\/en\/#organization\"},\"potentialAction\":[{\"@type\":\"SearchAction\",\"target\":{\"@type\":\"EntryPoint\",\"urlTemplate\":\"https:\/\/www.societegalion.com\/en\/?s={search_term_string}\"},\"query-input\":{\"@type\":\"PropertyValueSpecification\",\"valueRequired\":true,\"valueName\":\"search_term_string\"}}],\"inLanguage\":\"en-US\"},{\"@type\":\"Organization\",\"@id\":\"https:\/\/www.societegalion.com\/en\/#organization\",\"name\":\"Soci\u00e9t\u00e9 Galion\",\"url\":\"https:\/\/www.societegalion.com\/en\/\",\"logo\":{\"@type\":\"ImageObject\",\"inLanguage\":\"en-US\",\"@id\":\"https:\/\/www.societegalion.com\/en\/#\/schema\/logo\/image\/\",\"url\":\"https:\/\/www.societegalion.com\/wp-content\/uploads\/2021\/06\/Logo-Galion-societe-immobiliere-rouge.jpg\",\"contentUrl\":\"https:\/\/www.societegalion.com\/wp-content\/uploads\/2021\/06\/Logo-Galion-societe-immobiliere-rouge.jpg\",\"width\":400,\"height\":78,\"caption\":\"Soci\u00e9t\u00e9 Galion\"},\"image\":{\"@id\":\"https:\/\/www.societegalion.com\/en\/#\/schema\/logo\/image\/\"}}]}<\/script>\n<!-- \/ Yoast SEO plugin. -->","yoast_head_json":{"title":"Property map - Soci\u00e9t\u00e9 Galion","robots":{"index":"index","follow":"follow","max-snippet":"max-snippet:-1","max-image-preview":"max-image-preview:large","max-video-preview":"max-video-preview:-1"},"canonical":"https:\/\/www.societegalion.com\/en\/property-map\/","og_locale":"en_US","og_type":"article","og_title":"Property map - Soci\u00e9t\u00e9 Galion","og_description":"PROPERTY MAP","og_site_name":"Soci\u00e9t\u00e9 Galion","article_modified_time":"2025-11-19T15:44:57+00:00","twitter_card":"summary_large_image","twitter_misc":{"Est. reading time":"1 minute"},"schema":{"@context":"https:\/\/schema.org","@graph":[{"@type":"WebPage","@id":"https:\/\/www.societegalion.com\/en\/property-map\/","url":"https:\/\/www.societegalion.com\/en\/property-map\/","name":"Property map - Soci\u00e9t\u00e9 Galion","isPartOf":{"@id":"https:\/\/www.societegalion.com\/en\/#website"},"datePublished":"2025-04-16T21:19:29+00:00","dateModified":"2025-11-19T15:44:57+00:00","breadcrumb":{"@id":"https:\/\/www.societegalion.com\/en\/property-map\/#breadcrumb"},"inLanguage":"en-US","potentialAction":[{"@type":"ReadAction","target":["https:\/\/www.societegalion.com\/en\/property-map\/"]}]},{"@type":"BreadcrumbList","@id":"https:\/\/www.societegalion.com\/en\/property-map\/#breadcrumb","itemListElement":[{"@type":"ListItem","position":1,"name":"Accueil","item":"https:\/\/www.societegalion.com\/en\/"},{"@type":"ListItem","position":2,"name":"Property map"}]},{"@type":"WebSite","@id":"https:\/\/www.societegalion.com\/en\/#website","url":"https:\/\/www.societegalion.com\/en\/","name":"Soci\u00e9t\u00e9 Galion","description":"","publisher":{"@id":"https:\/\/www.societegalion.com\/en\/#organization"},"potentialAction":[{"@type":"SearchAction","target":{"@type":"EntryPoint","urlTemplate":"https:\/\/www.societegalion.com\/en\/?s={search_term_string}"},"query-input":{"@type":"PropertyValueSpecification","valueRequired":true,"valueName":"search_term_string"}}],"inLanguage":"en-US"},{"@type":"Organization","@id":"https:\/\/www.societegalion.com\/en\/#organization","name":"Soci\u00e9t\u00e9 Galion","url":"https:\/\/www.societegalion.com\/en\/","logo":{"@type":"ImageObject","inLanguage":"en-US","@id":"https:\/\/www.societegalion.com\/en\/#\/schema\/logo\/image\/","url":"https:\/\/www.societegalion.com\/wp-content\/uploads\/2021\/06\/Logo-Galion-societe-immobiliere-rouge.jpg","contentUrl":"https:\/\/www.societegalion.com\/wp-content\/uploads\/2021\/06\/Logo-Galion-societe-immobiliere-rouge.jpg","width":400,"height":78,"caption":"Soci\u00e9t\u00e9 Galion"},"image":{"@id":"https:\/\/www.societegalion.com\/en\/#\/schema\/logo\/image\/"}}]}},"_links":{"self":[{"href":"https:\/\/www.societegalion.com\/en\/wp-json\/wp\/v2\/pages\/250872","targetHints":{"allow":["GET"]}}],"collection":[{"href":"https:\/\/www.societegalion.com\/en\/wp-json\/wp\/v2\/pages"}],"about":[{"href":"https:\/\/www.societegalion.com\/en\/wp-json\/wp\/v2\/types\/page"}],"author":[{"embeddable":true,"href":"https:\/\/www.societegalion.com\/en\/wp-json\/wp\/v2\/users\/4"}],"replies":[{"embeddable":true,"href":"https:\/\/www.societegalion.com\/en\/wp-json\/wp\/v2\/comments?post=250872"}],"version-history":[{"count":2,"href":"https:\/\/www.societegalion.com\/en\/wp-json\/wp\/v2\/pages\/250872\/revisions"}],"predecessor-version":[{"id":250876,"href":"https:\/\/www.societegalion.com\/en\/wp-json\/wp\/v2\/pages\/250872\/revisions\/250876"}],"wp:attachment":[{"href":"https:\/\/www.societegalion.com\/en\/wp-json\/wp\/v2\/media?parent=250872"}],"curies":[{"name":"wp","href":"https:\/\/api.w.org\/{rel}","templated":true}]}}