{"id":2053,"date":"2021-11-24T09:45:55","date_gmt":"2021-11-24T14:45:55","guid":{"rendered":"https:\/\/www.societegalion.com\/chargee-de-projet\/"},"modified":"2022-05-18T09:09:52","modified_gmt":"2022-05-18T13:09:52","slug":"chargee-de-projet","status":"publish","type":"page","link":"https:\/\/www.societegalion.com\/en\/chargee-de-projet\/","title":{"rendered":"Charg\u00e9(e) de projet"},"content":{"rendered":"<p>[et_pb_section fb_built=&#8221;1&#8243; _builder_version=&#8221;4.15&#8243; _module_preset=&#8221;default&#8221; background_image=&#8221;https:\/\/www.societegalion.com\/wp-content\/uploads\/2021\/07\/fond-bleu-fonce\u03012.jpg&#8221; custom_padding=&#8221;20px||20px||true|false&#8221; global_colors_info=&#8221;{}&#8221;][et_pb_row _builder_version=&#8221;4.15&#8243; _module_preset=&#8221;default&#8221; global_colors_info=&#8221;{}&#8221;][et_pb_column type=&#8221;4_4&#8243; _builder_version=&#8221;4.15&#8243; _module_preset=&#8221;default&#8221; global_colors_info=&#8221;{}&#8221;][et_pb_text _builder_version=&#8221;4.15&#8243; _module_preset=&#8221;default&#8221; text_font=&#8221;|700|||||||&#8221; text_text_color=&#8221;#FFFFFF&#8221; text_font_size=&#8221;28px&#8221; custom_margin=&#8221;||4px||false|false&#8221; global_colors_info=&#8221;{}&#8221;]<\/p>\n<p>CAREERS<\/p>\n<p>[\/et_pb_text][et_pb_text _builder_version=&#8221;4.15&#8243; _module_preset=&#8221;default&#8221; text_font=&#8221;||||||||&#8221; text_text_color=&#8221;#FFFFFF&#8221; text_font_size=&#8221;18px&#8221; global_colors_info=&#8221;{}&#8221;]<\/p>\n<p>Project manager<\/p>\n<p>[\/et_pb_text][\/et_pb_column][\/et_pb_row][\/et_pb_section][et_pb_section fb_built=&#8221;1&#8243; _builder_version=&#8221;4.15&#8243; _module_preset=&#8221;default&#8221; custom_padding=&#8221;||0px||false|false&#8221; global_colors_info=&#8221;{}&#8221;][et_pb_row _builder_version=&#8221;4.15&#8243; _module_preset=&#8221;default&#8221; global_colors_info=&#8221;{}&#8221;][et_pb_column type=&#8221;4_4&#8243; _builder_version=&#8221;4.15&#8243; _module_preset=&#8221;default&#8221; global_colors_info=&#8221;{}&#8221;][et_pb_text _builder_version=&#8221;4.15&#8243; _module_preset=&#8221;default&#8221; text_text_color=&#8221;#000000&#8243; text_font_size=&#8221;28px&#8221; custom_padding=&#8221;||15px||false|false&#8221; border_width_bottom=&#8221;1px&#8221; border_color_bottom=&#8221;#c9c9c9&#8243; global_colors_info=&#8221;{}&#8221;]<\/p>\n<p>Project manager<\/p>\n<p>[\/et_pb_text][\/et_pb_column][\/et_pb_row][et_pb_row _builder_version=&#8221;4.15&#8243; _module_preset=&#8221;default&#8221; global_colors_info=&#8221;{}&#8221;][et_pb_column type=&#8221;4_4&#8243; _builder_version=&#8221;4.15&#8243; _module_preset=&#8221;default&#8221; global_colors_info=&#8221;{}&#8221;][et_pb_text _builder_version=&#8221;4.15&#8243; _module_preset=&#8221;default&#8221; global_colors_info=&#8221;{}&#8221;]<\/p>\n<p><strong>Location<\/strong>: Quebec City<\/p>\n<p><strong>Starting date<\/strong> : As soon as possible<\/p>\n<p data-pm-slice=\"1 1 []\"><strong>LA SOCIETE IMMOBILIERE GALION IS LOOKING FOR A PROJECT MANAGER<\/strong><\/p>\n<p data-pm-slice=\"1 1 []\">Are you interested in working for a company that is committed to creating living spaces that support the well-being of people and communities, while reducing its environmental footprint?<\/p>\n<p>La Soci\u00e9t\u00e9 Immobili\u00e8re Galion is looking for a Project Manager for its Technical Services Department, whose mandate will be to plan and supervise the complete execution of projects.<\/p>\n<p><strong>Principales responsibilities:<\/strong><\/p>\n<ul class=\"ProsemirrorEditor-list\">\n<li class=\"ProsemirrorEditor-listItem\" data-list-indent=\"1\" data-list-type=\"bulleted\">Administer contracts awarded to professionals and contractors;<\/li>\n<li class=\"ProsemirrorEditor-listItem\" data-list-indent=\"1\" data-list-type=\"bulleted\">Develop the facilities management strategy and programs for the buildings in the portfolio;<\/li>\n<li class=\"ProsemirrorEditor-listItem\" data-list-indent=\"1\" data-list-type=\"bulleted\">Coordinate all activities to ensure that costs, schedules, and project standards and requirements are met.<\/li>\n<\/ul>\n<p><strong>Required Qualifications:<\/strong><\/p>\n<ul class=\"ProsemirrorEditor-list\">\n<li class=\"ProsemirrorEditor-listItem\" data-list-indent=\"1\" data-list-type=\"bulleted\">+ 5 years experience in a building construction or building services management role;<\/li>\n<li class=\"ProsemirrorEditor-listItem\" data-list-indent=\"1\" data-list-type=\"bulleted\">Spoken and written languages: French and English;<\/li>\n<li class=\"ProsemirrorEditor-listItem\" data-list-indent=\"1\" data-list-type=\"bulleted\">Proficiency in the Office suite and general computer skills.<\/li>\n<\/ul>\n<p>[\/et_pb_text][et_pb_text _builder_version=&#8221;4.15&#8243; _module_preset=&#8221;default&#8221; locked=&#8221;off&#8221; global_colors_info=&#8221;{}&#8221;]<\/p>\n<p data-pm-slice=\"1 1 []\">Are you interested in this position? Please send your CV to the following address: <strong><a href=\"mailto:rh@societegalion.com\" class=\"ProsemirrorEditor-link\">rh@societegalion.com<\/a><\/strong><\/p>\n<p>[\/et_pb_text][\/et_pb_column][\/et_pb_row][\/et_pb_section][et_pb_section fb_built=&#8221;1&#8243; module_id=&#8221;apply&#8221; _builder_version=&#8221;4.15&#8243; _module_preset=&#8221;default&#8221; locked=&#8221;off&#8221; global_colors_info=&#8221;{}&#8221;][et_pb_row _builder_version=&#8221;4.15&#8243; _module_preset=&#8221;default&#8221; custom_padding=&#8221;|||50px|false|false&#8221; border_width_left=&#8221;3px&#8221; border_color_left=&#8221;#E02B20&#8243; global_colors_info=&#8221;{}&#8221;][et_pb_column type=&#8221;4_4&#8243; _builder_version=&#8221;4.15&#8243; _module_preset=&#8221;default&#8221; global_colors_info=&#8221;{}&#8221;][et_pb_text _builder_version=&#8221;4.15&#8243; _module_preset=&#8221;default&#8221; text_font=&#8221;Raleway|800|||||||&#8221; text_text_color=&#8221;#102d50&#8243; text_font_size=&#8221;45px&#8221; text_font_size_tablet=&#8221;&#8221; text_font_size_phone=&#8221;&#8221; text_font_size_last_edited=&#8221;on|desktop&#8221; global_colors_info=&#8221;{}&#8221;]<\/p>\n<p>APPLY<\/p>\n<p>[\/et_pb_text][et_pb_text _builder_version=&#8221;4.15&#8243; _module_preset=&#8221;default&#8221; global_colors_info=&#8221;{}&#8221;]Application for the position of Project Manager[\/et_pb_text][et_pb_code _builder_version=&#8221;4.15&#8243; _module_preset=&#8221;default&#8221; global_colors_info=&#8221;{}&#8221;]<p class=\"wpcf7-contact-form-not-found\"><strong>Error:<\/strong> Contact form not found.<\/p>[\/et_pb_code][\/et_pb_column][\/et_pb_row][\/et_pb_section]<\/p>\n","protected":false},"excerpt":{"rendered":"<p>CAREERSProject managerProject managerLocation: Quebec City Starting date : As soon as possible LA SOCIETE IMMOBILIERE GALION IS LOOKING FOR A PROJECT MANAGER Are you interested in working for a company that is committed to creating living spaces that support the well-being of people and communities, while reducing its environmental footprint? La Soci\u00e9t\u00e9 Immobili\u00e8re Galion is [&hellip;]<\/p>\n","protected":false},"author":4,"featured_media":0,"parent":0,"menu_order":0,"comment_status":"closed","ping_status":"closed","template":"","meta":{"_acf_changed":false,"_et_pb_use_builder":"on","_et_pb_old_content":"","_et_gb_content_width":"","footnotes":""},"class_list":["post-2053","page","type-page","status-publish","hentry"],"acf":[],"yoast_head":"<!-- This site is optimized with the Yoast SEO plugin v26.9 - https:\/\/yoast.com\/product\/yoast-seo-wordpress\/ -->\n<title>Charg\u00e9(e) de projet - Soci\u00e9t\u00e9 Galion<\/title>\n<meta name=\"robots\" content=\"index, follow, max-snippet:-1, max-image-preview:large, max-video-preview:-1\" \/>\n<link rel=\"canonical\" href=\"https:\/\/www.societegalion.com\/en\/chargee-de-projet\/\" \/>\n<meta property=\"og:locale\" content=\"en_US\" \/>\n<meta property=\"og:type\" content=\"article\" \/>\n<meta property=\"og:title\" content=\"Charg\u00e9(e) de projet - Soci\u00e9t\u00e9 Galion\" \/>\n<meta property=\"og:description\" content=\"CAREERSProject managerProject managerLocation: Quebec City Starting date : As soon as possible LA SOCIETE IMMOBILIERE GALION IS LOOKING FOR A PROJECT MANAGER Are you interested in working for a company that is committed to creating living spaces that support the well-being of people and communities, while reducing its environmental footprint? La Soci\u00e9t\u00e9 Immobili\u00e8re Galion is [&hellip;]\" \/>\n<meta property=\"og:site_name\" content=\"Soci\u00e9t\u00e9 Galion\" \/>\n<meta property=\"article:modified_time\" content=\"2022-05-18T13:09:52+00:00\" \/>\n<meta name=\"twitter:card\" content=\"summary_large_image\" \/>\n<script type=\"application\/ld+json\" class=\"yoast-schema-graph\">{\"@context\":\"https:\/\/schema.org\",\"@graph\":[{\"@type\":\"WebPage\",\"@id\":\"https:\/\/www.societegalion.com\/en\/chargee-de-projet\/\",\"url\":\"https:\/\/www.societegalion.com\/en\/chargee-de-projet\/\",\"name\":\"Charg\u00e9(e) de projet - Soci\u00e9t\u00e9 Galion\",\"isPartOf\":{\"@id\":\"https:\/\/www.societegalion.com\/en\/#website\"},\"datePublished\":\"2021-11-24T14:45:55+00:00\",\"dateModified\":\"2022-05-18T13:09:52+00:00\",\"breadcrumb\":{\"@id\":\"https:\/\/www.societegalion.com\/en\/chargee-de-projet\/#breadcrumb\"},\"inLanguage\":\"en-US\",\"potentialAction\":[{\"@type\":\"ReadAction\",\"target\":[\"https:\/\/www.societegalion.com\/en\/chargee-de-projet\/\"]}]},{\"@type\":\"BreadcrumbList\",\"@id\":\"https:\/\/www.societegalion.com\/en\/chargee-de-projet\/#breadcrumb\",\"itemListElement\":[{\"@type\":\"ListItem\",\"position\":1,\"name\":\"Accueil\",\"item\":\"https:\/\/www.societegalion.com\/en\/\"},{\"@type\":\"ListItem\",\"position\":2,\"name\":\"Charg\u00e9(e) de projet\"}]},{\"@type\":\"WebSite\",\"@id\":\"https:\/\/www.societegalion.com\/en\/#website\",\"url\":\"https:\/\/www.societegalion.com\/en\/\",\"name\":\"Soci\u00e9t\u00e9 Galion\",\"description\":\"\",\"publisher\":{\"@id\":\"https:\/\/www.societegalion.com\/en\/#organization\"},\"potentialAction\":[{\"@type\":\"SearchAction\",\"target\":{\"@type\":\"EntryPoint\",\"urlTemplate\":\"https:\/\/www.societegalion.com\/en\/?s={search_term_string}\"},\"query-input\":{\"@type\":\"PropertyValueSpecification\",\"valueRequired\":true,\"valueName\":\"search_term_string\"}}],\"inLanguage\":\"en-US\"},{\"@type\":\"Organization\",\"@id\":\"https:\/\/www.societegalion.com\/en\/#organization\",\"name\":\"Soci\u00e9t\u00e9 Galion\",\"url\":\"https:\/\/www.societegalion.com\/en\/\",\"logo\":{\"@type\":\"ImageObject\",\"inLanguage\":\"en-US\",\"@id\":\"https:\/\/www.societegalion.com\/en\/#\/schema\/logo\/image\/\",\"url\":\"https:\/\/www.societegalion.com\/wp-content\/uploads\/2021\/06\/Logo-Galion-societe-immobiliere-rouge.jpg\",\"contentUrl\":\"https:\/\/www.societegalion.com\/wp-content\/uploads\/2021\/06\/Logo-Galion-societe-immobiliere-rouge.jpg\",\"width\":400,\"height\":78,\"caption\":\"Soci\u00e9t\u00e9 Galion\"},\"image\":{\"@id\":\"https:\/\/www.societegalion.com\/en\/#\/schema\/logo\/image\/\"}}]}<\/script>\n<!-- \/ Yoast SEO plugin. -->","yoast_head_json":{"title":"Charg\u00e9(e) de projet - Soci\u00e9t\u00e9 Galion","robots":{"index":"index","follow":"follow","max-snippet":"max-snippet:-1","max-image-preview":"max-image-preview:large","max-video-preview":"max-video-preview:-1"},"canonical":"https:\/\/www.societegalion.com\/en\/chargee-de-projet\/","og_locale":"en_US","og_type":"article","og_title":"Charg\u00e9(e) de projet - Soci\u00e9t\u00e9 Galion","og_description":"CAREERSProject managerProject managerLocation: Quebec City Starting date : As soon as possible LA SOCIETE IMMOBILIERE GALION IS LOOKING FOR A PROJECT MANAGER Are you interested in working for a company that is committed to creating living spaces that support the well-being of people and communities, while reducing its environmental footprint? La Soci\u00e9t\u00e9 Immobili\u00e8re Galion is [&hellip;]","og_site_name":"Soci\u00e9t\u00e9 Galion","article_modified_time":"2022-05-18T13:09:52+00:00","twitter_card":"summary_large_image","schema":{"@context":"https:\/\/schema.org","@graph":[{"@type":"WebPage","@id":"https:\/\/www.societegalion.com\/en\/chargee-de-projet\/","url":"https:\/\/www.societegalion.com\/en\/chargee-de-projet\/","name":"Charg\u00e9(e) de projet - Soci\u00e9t\u00e9 Galion","isPartOf":{"@id":"https:\/\/www.societegalion.com\/en\/#website"},"datePublished":"2021-11-24T14:45:55+00:00","dateModified":"2022-05-18T13:09:52+00:00","breadcrumb":{"@id":"https:\/\/www.societegalion.com\/en\/chargee-de-projet\/#breadcrumb"},"inLanguage":"en-US","potentialAction":[{"@type":"ReadAction","target":["https:\/\/www.societegalion.com\/en\/chargee-de-projet\/"]}]},{"@type":"BreadcrumbList","@id":"https:\/\/www.societegalion.com\/en\/chargee-de-projet\/#breadcrumb","itemListElement":[{"@type":"ListItem","position":1,"name":"Accueil","item":"https:\/\/www.societegalion.com\/en\/"},{"@type":"ListItem","position":2,"name":"Charg\u00e9(e) de projet"}]},{"@type":"WebSite","@id":"https:\/\/www.societegalion.com\/en\/#website","url":"https:\/\/www.societegalion.com\/en\/","name":"Soci\u00e9t\u00e9 Galion","description":"","publisher":{"@id":"https:\/\/www.societegalion.com\/en\/#organization"},"potentialAction":[{"@type":"SearchAction","target":{"@type":"EntryPoint","urlTemplate":"https:\/\/www.societegalion.com\/en\/?s={search_term_string}"},"query-input":{"@type":"PropertyValueSpecification","valueRequired":true,"valueName":"search_term_string"}}],"inLanguage":"en-US"},{"@type":"Organization","@id":"https:\/\/www.societegalion.com\/en\/#organization","name":"Soci\u00e9t\u00e9 Galion","url":"https:\/\/www.societegalion.com\/en\/","logo":{"@type":"ImageObject","inLanguage":"en-US","@id":"https:\/\/www.societegalion.com\/en\/#\/schema\/logo\/image\/","url":"https:\/\/www.societegalion.com\/wp-content\/uploads\/2021\/06\/Logo-Galion-societe-immobiliere-rouge.jpg","contentUrl":"https:\/\/www.societegalion.com\/wp-content\/uploads\/2021\/06\/Logo-Galion-societe-immobiliere-rouge.jpg","width":400,"height":78,"caption":"Soci\u00e9t\u00e9 Galion"},"image":{"@id":"https:\/\/www.societegalion.com\/en\/#\/schema\/logo\/image\/"}}]}},"_links":{"self":[{"href":"https:\/\/www.societegalion.com\/en\/wp-json\/wp\/v2\/pages\/2053","targetHints":{"allow":["GET"]}}],"collection":[{"href":"https:\/\/www.societegalion.com\/en\/wp-json\/wp\/v2\/pages"}],"about":[{"href":"https:\/\/www.societegalion.com\/en\/wp-json\/wp\/v2\/types\/page"}],"author":[{"embeddable":true,"href":"https:\/\/www.societegalion.com\/en\/wp-json\/wp\/v2\/users\/4"}],"replies":[{"embeddable":true,"href":"https:\/\/www.societegalion.com\/en\/wp-json\/wp\/v2\/comments?post=2053"}],"version-history":[{"count":13,"href":"https:\/\/www.societegalion.com\/en\/wp-json\/wp\/v2\/pages\/2053\/revisions"}],"predecessor-version":[{"id":2219,"href":"https:\/\/www.societegalion.com\/en\/wp-json\/wp\/v2\/pages\/2053\/revisions\/2219"}],"wp:attachment":[{"href":"https:\/\/www.societegalion.com\/en\/wp-json\/wp\/v2\/media?parent=2053"}],"curies":[{"name":"wp","href":"https:\/\/api.w.org\/{rel}","templated":true}]}}